{"id":5,"date":"2023-03-30T11:00:40","date_gmt":"2023-03-30T14:00:40","guid":{"rendered":"https:\/\/agturs.com.br\/index.php\/one-page-express\/"},"modified":"2025-07-23T10:52:12","modified_gmt":"2025-07-23T13:52:12","slug":"one-page-express","status":"publish","type":"page","link":"https:\/\/agturs.com.br\/","title":{"rendered":"Front Page"},"content":{"rendered":"<div  data-label=\"servicos\" data-id=\"stripped-features-image-cards-section\" data-category=\"overlapable\" data-=\"\" class=\"features-image-cards-section stripped-features-image-cards-section\" data-overlap=\"true\" id=\"servicos\" style=\"background-color: rgb(255, 255, 255);\"> <div  class=\"gridContainer\"> <div  class=\"features-image-cards-innerrow flexbox-list\" data-type=\"row\"> <div  class=\"features-image-cards-cardcol cp4cols cp6cols-tablet\"> <div  class=\"features-image-cards-cardrow\"><img  decoding=\"async\" class=\"features-image-cards-featimg\" src=\"http:\/\/agturs.com.br\/wp-content\/uploads\/2023\/03\/blindado-1.png\" alt=\"\"> <div  class=\"features-image-cards-cardtextrow\" data-type=\"column\"> <h4  class=\"\">Frota<\/h4> <p  class=\"\">Nossa frota \u00e9 composta<br >por carros novos, confort\u00e1veis, com<br >documenta\u00e7\u00f5es e revis\u00f5es em dia.<br >Entre nossas op\u00e7\u00f5es temos Suvs, Vans,<br >Micro-\u00f4nibus, \u00f4nibus, helic\u00f3pteros e<br >jatinhos. Tamb\u00e9m possu\u00edmos ve\u00edculos blindados.<\/p> <hr  class=\"features-image-cards-separator\"> <\/div> <\/div> <\/div> <div  class=\"features-image-cards-cardcol cp4cols cp6cols-tablet\"> <div  class=\"features-image-cards-cardrow\"><img  decoding=\"async\" class=\"features-image-cards-featimg\" src=\"http:\/\/agturs.com.br\/wp-content\/uploads\/2023\/03\/conforto-1.png\" alt=\"\"> <div  class=\"features-image-cards-cardtextrow\" data-type=\"column\"> <h4  class=\"\">Carros e Vans Executivas<\/h4> <p  class=\"\">Os carros executivos s\u00e3o a melhor combina\u00e7\u00e3o entre conforto e seguran\u00e7a.  As vans executivas atendem  at\u00e9 20 passageiros. Todos ve\u00edculos oferecem praticidade, seguran\u00e7a e conforto. Rotas e transfers a sua disposi\u00e7\u00e3o pelo tempo que precisar.<\/p> <hr  class=\"features-image-cards-separator\"> <\/div> <\/div> <\/div> <div  class=\"features-image-cards-cardcol cp4cols cp6cols-tablet\"> <div  class=\"features-image-cards-cardrow\"><img  decoding=\"async\" class=\"features-image-cards-featimg\" src=\"http:\/\/agturs.com.br\/wp-content\/uploads\/2023\/04\/evento.png\" alt=\"\"> <div  class=\"features-image-cards-cardtextrow\" data-type=\"column\"> <h4  class=\"\">Transporte para Eventos<\/h4> <p  class=\"\">Para todo tipo de evento, possu\u00edmos o ve\u00edculo certo. Seguran\u00e7a, pontualidade, comodidade e conforto. <\/p> <hr  class=\"features-image-cards-separator\"> <\/div> <\/div> <\/div> <\/div> <\/div><\/div><div  data-label=\"empresa\" data-id=\"features-large-icons-section\" data-category=\"features\" class=\"features-large-icons-section\" id=\"empresa\" style=\"background-color: rgb(255, 255, 255);\"> <div  class=\"gridContainer dynamic-color\"> <div  class=\"features-large-icons-textrow\"> <div  class=\"features-large-icons-textcol\" data-type=\"column\"> <h2  class=\"\">A Empresa<\/h2> <p  class=\"\">A empresa AGENCIATUR TURISMO E VIAGENS tem vasta experi\u00eancia no mercado. Conte com quem sabe o que faz e tem credibilidade no segmento. Trabalhamos com todos tipos de ve\u00edculos conforme a necessidade no seu evento, assim como todos os benef\u00edcios de um atendimento completo.<\/p> <\/div> <\/div> <div  class=\"features-large-icons-featrow\" data-type=\"row\"> <div  class=\"features-large-icons-featcol cp3cols cp6cols-tablet\"> <div  class=\"features-icon-container-nomargin\"><i  data-cp-fa=\"true\" class=\"font-icon-features-icon-container fa fa-car\"><\/i> <\/div> <h4  class=\"\">Ve\u00edculos Blindados<\/h4> <p  class=\"\">Possu\u00edmos ve\u00edculos blindados para sua seguran\u00e7a..<\/p> <\/div> <div  class=\"features-large-icons-featcol cp3cols cp6cols-tablet\"> <div  class=\"features-icon-container-nomargin\"><i  data-cp-fa=\"true\" class=\"font-icon-features-icon-container fa fa-comments\"><\/i> <\/div> <h4  class=\"\">Motoristas Bilingues<\/h4> <p  class=\"\">Possu\u00edmos motoristas bilingues  para facilitar sua comunica\u00e7\u00e3o.<\/p> <\/div> <div  class=\"features-large-icons-featcol cp3cols cp6cols-tablet\"> <div  class=\"features-icon-container-nomargin\"><i  data-cp-fa=\"true\" class=\"font-icon-features-icon-container fa fa-eye\"><\/i> <\/div> <h4  class=\"\">Monitoramento<\/h4> <p  class=\"\">Possu\u00edmos equipe especializada em monitoramento da frota.<\/p> <\/div> <div  class=\"features-large-icons-featcol cp3cols cp6cols-tablet\"> <div  class=\"features-icon-container-nomargin\"><i  data-cp-fa=\"true\" class=\"font-icon-features-icon-container fa fa-clock-o\"><\/i> <\/div> <h4  class=\"\">Plant\u00e3o 24H<\/h4> <p  class=\"\">Possu\u00edmos Plant\u00e3o 24H por dia, 7 dias na semana.<\/p> <\/div> <\/div> <\/div><\/div><div  id=\"atuacaonacional\" style=\"background-color: #ffffff;\" data-label=\"atuacaonacional\" data-id=\"content-image-left\" data-category=\"content\" class=\"content-left-image-section\"> <div  class=\"gridContainer\"> <div  class=\"row\"> <div  class=\"content-left-image-imgcol\" data-type=\"column\"> <img  decoding=\"async\" src=\"http:\/\/agturs.com.br\/wp-content\/uploads\/2023\/03\/Distrito-Federal.png\" class=\"\" alt=\"\"> <\/div> <div  class=\"content-left-image-textcol dynamic-color\" data-type=\"column\"> <h2  class=\"\">Atua\u00e7\u00e3o Nacional<\/h2> <p  class=\"large_text\"> Somos especializados em coordena\u00e7\u00e3o, receptivo corporativo e log\u00edstica para eventos, atuando em todo o Brasil, s\u00e3o 26 estados e o DF juntos numa empresa s\u00f3. <\/p>  <\/div> <\/div> <\/div> <\/div><div  id=\"atuacaointernacional\" style=\"background-color: #f6f6f6;\" data-label=\"atuacaointernacional\" data-id=\"content-image-right\" data-category=\"content\" class=\"content-right-image-section\"> <div  class=\"gridContainer\"> <div  class=\"content-right-image-gridcol\"> <div  class=\"content-right-image-textcol dynamic-color\" data-type=\"column\"> <h2  class=\"\">Atua\u00e7\u00e3o Internacional<\/h2> <p  class=\"large_text\"> Alemanha, Su\u00ed\u00e7a, Portugal, Fran\u00e7a, B\u00e9lgica, Holanda, Egito, Dubai, Espanha, Canad\u00e1, Inglaterra e Estados Unidos. Consulte outros pa\u00edses e cidades que atendemos. <\/p>  <\/div> <div  class=\"content-right-image-imgcol\" data-type=\"column\"> <img  decoding=\"async\" src=\"http:\/\/agturs.com.br\/wp-content\/uploads\/2023\/03\/Dubai-1.png\" class=\"\" alt=\"\"> <\/div> <\/div> <\/div> <\/div><div  data-label=\"Trabalhos\" data-id=\"portfolio-cards-section\" data-category=\"portfolio\" class=\"portfolio-cards-section\" id=\"trabalhos\" style=\"background-color: rgb(255, 255, 255);\"> <div  class=\"gridContainer\"> <div  class=\"portfolio-cards-textcol dynamic-color\" data-type=\"column\"> <h2  class=\"\">Trabalhos Realizados<\/h2> <p  class=\"\">Confira alguns dos v\u00e1rios trabalhos realizados pela Agenciatur.<\/p> <\/div> <div  class=\"portfolio-cards-projectsro dark-text\" data-type=\"row\"> <div  class=\"portfolio-cards-projectcol cp4cols cp6cols-tablet\"> <div  class=\"portfolio-cards-projectcard\"> <div  class=\"contentswap-effect ContentSwap104\" hover-fx=\"ContentSwap104\" id=\"ContentSwap104\" is-hovered=\"0\"> <div  class=\"ContentSwap104_content initial-image\"><img  decoding=\"async\" class=\"portfolio-cards-projectimg\" data-size=\"1200x800\" src=\"http:\/\/agturs.com.br\/wp-content\/uploads\/2023\/03\/cropped-arro-blindadoo.png\"> <\/div> <div  class=\"overlay\" style=\"display: block; opacity: 1;\"><\/div> <div  class=\"swap-inner\" style=\"opacity: 1; display: block;\"> <div  class=\"ContentSwap104-center\"> <a  href=\"http:\/\/agturs.com.br\/wp-content\/uploads\/2023\/03\/cropped-arro-blindadoo.png\" target=\"_blank\" rel=\"noopener\" class=\"\"><i  data-cp-fa=\"true\" class=\"portfolio-card-icon fa fa-search\"><\/i><\/a> <\/div> <\/div> <\/div> <div  class=\"portfolio-cards-projectinfo\"> <div  class=\"portfolio-cards-projnamecol\" data-type=\"column\"> <a  href=\"http:\/\/agturs.com.br\/wp-content\/uploads\/2023\/03\/cropped-arro-blindadoo.png\" class=\"portfolio-cards-projlink\" target=\"_blank\" rel=\"noopener\"><h4  class=\"portfolio-cards-projtitle\">Carro Blindado em Rota<\/h4><\/a> <\/div> <\/div> <\/div> <\/div> <div  class=\"portfolio-cards-projectcol cp4cols cp6cols-tablet\"> <div  class=\"portfolio-cards-projectcard\"> <div  class=\"contentswap-effect ContentSwap104\" hover-fx=\"ContentSwap104\" id=\"ContentSwap104\" is-hovered=\"1\"> <div  class=\"ContentSwap104_content initial-image\"><img  decoding=\"async\" class=\"portfolio-cards-projectimg\" data-size=\"1200x800\" src=\"http:\/\/agturs.com.br\/wp-content\/uploads\/2023\/03\/cropped-van-evento.png\"> <\/div> <div  class=\"overlay\" style=\"display: block; opacity: 1;\"><\/div> <div  class=\"swap-inner\" style=\"opacity: 1; display: block;\"> <div  class=\"ContentSwap104-center\"> <a  href=\"http:\/\/agturs.com.br\/wp-content\/uploads\/2023\/03\/cropped-van-evento.png\" target=\"_blank\" rel=\"noopener\" class=\"\"><i  data-cp-fa=\"true\" class=\"portfolio-card-icon fa fa-search\"><\/i><\/a> <\/div> <\/div> <\/div> <div  class=\"portfolio-cards-projectinfo\"> <div  class=\"portfolio-cards-projnamecol\" data-type=\"column\"> <a  href=\"http:\/\/agturs.com.br\/wp-content\/uploads\/2023\/03\/cropped-van-evento.png\" class=\"portfolio-cards-projlink\" target=\"_blank\" rel=\"noopener\"><h4  class=\"portfolio-cards-projtitle\">Van Evento Pequeno<\/h4><\/a> <\/div> <\/div> <\/div> <\/div> <div  class=\"portfolio-cards-projectcol cp4cols cp6cols-tablet\"> <div  class=\"portfolio-cards-projectcard\"> <div  class=\"contentswap-effect ContentSwap104\" hover-fx=\"ContentSwap104\" id=\"ContentSwap104\" is-hovered=\"1\"> <div  class=\"ContentSwap104_content initial-image\"><img  decoding=\"async\" class=\"portfolio-cards-projectimg\" data-size=\"1200x800\" src=\"http:\/\/agturs.com.br\/wp-content\/uploads\/2023\/03\/cropped-transfer-aeroporto-1.png\"> <\/div> <div  class=\"overlay\" style=\"display: block; opacity: 1;\"><\/div> <div  class=\"swap-inner\" style=\"opacity: 1; display: block;\"> <div  class=\"ContentSwap104-center\"> <a  href=\"http:\/\/agturs.com.br\/wp-content\/uploads\/2023\/03\/cropped-transfer-aeroporto-1.png\" target=\"_blank\" rel=\"noopener\" class=\"\"><i  data-cp-fa=\"true\" class=\"portfolio-card-icon fa fa-search\"><\/i><\/a> <\/div> <\/div> <\/div> <div  class=\"portfolio-cards-projectinfo\"> <div  class=\"portfolio-cards-projnamecol\" data-type=\"column\"> <a  href=\"http:\/\/agturs.com.br\/wp-content\/uploads\/2023\/03\/cropped-transfer-aeroporto-1.png\" class=\"portfolio-cards-projlink\" target=\"_self\" rel=\"noopener\"><h4  class=\"portfolio-cards-projtitle\">Transfer Aeroporto<\/h4><\/a> <\/div> <\/div> <\/div> <\/div> <div  class=\"portfolio-cards-projectcol cp4cols cp6cols-tablet\"> <div  class=\"portfolio-cards-projectcard\"> <div  class=\"contentswap-effect ContentSwap104\" hover-fx=\"ContentSwap104\" id=\"ContentSwap104\" is-hovered=\"1\"> <div  class=\"ContentSwap104_content initial-image\"><img  decoding=\"async\" class=\"portfolio-cards-projectimg\" data-size=\"1200x800\" src=\"http:\/\/agturs.com.br\/wp-content\/uploads\/2023\/03\/cropped-rotas.png\"> <\/div> <div  class=\"overlay\" style=\"display: block; opacity: 1;\"><\/div> <div  class=\"swap-inner\" style=\"opacity: 1; display: block;\"> <div  class=\"ContentSwap104-center\"> <a  href=\"http:\/\/agturs.com.br\/wp-content\/uploads\/2023\/03\/cropped-rotas.png\" target=\"_blank\" rel=\"noopener\" class=\"\"><i  data-cp-fa=\"true\" class=\"portfolio-card-icon fa fa-search\"><\/i><\/a> <\/div> <\/div> <\/div> <div  class=\"portfolio-cards-projectinfo\"> <div  class=\"portfolio-cards-projnamecol\" data-type=\"column\"> <a  href=\"http:\/\/agturs.com.br\/wp-content\/uploads\/2023\/03\/cropped-rotas.png\" class=\"portfolio-cards-projlink\" target=\"_blank\" rel=\"noopener\"><h4  class=\"portfolio-cards-projtitle\">Rotas Interestaduais<\/h4><\/a> <\/div> <\/div> <\/div> <\/div> <div  class=\"portfolio-cards-projectcol cp4cols cp6cols-tablet\"> <div  class=\"portfolio-cards-projectcard\"> <div  class=\"contentswap-effect ContentSwap104\" hover-fx=\"ContentSwap104\" id=\"ContentSwap104\" is-hovered=\"1\"> <div  class=\"ContentSwap104_content initial-image\"><img  decoding=\"async\" class=\"portfolio-cards-projectimg\" data-size=\"1200x800\" src=\"http:\/\/agturs.com.br\/wp-content\/uploads\/2023\/03\/cropped-grandes-eventos.png\"> <\/div> <div  class=\"overlay\" style=\"display: block; opacity: 1;\"><\/div> <div  class=\"swap-inner\" style=\"opacity: 1; display: block;\"> <div  class=\"ContentSwap104-center\"> <a  href=\"http:\/\/agturs.com.br\/wp-content\/uploads\/2023\/03\/cropped-grandes-eventos.png\" target=\"_blank\" rel=\"noopener\" class=\"\"><i  data-cp-fa=\"true\" class=\"portfolio-card-icon fa fa-search\"><\/i><\/a> <\/div> <\/div> <\/div> <div  class=\"portfolio-cards-projectinfo\"> <div  class=\"portfolio-cards-projnamecol\" data-type=\"column\"> <a  href=\"http:\/\/agturs.com.br\/wp-content\/uploads\/2023\/03\/cropped-grandes-eventos.png\" class=\"portfolio-cards-projlink\" target=\"_blank\" rel=\"noopener\"><h4  class=\"portfolio-cards-projtitle\">Frota para Evento Grande<\/h4><\/a> <\/div> <\/div> <\/div> <\/div> <div  class=\"portfolio-cards-projectcol cp4cols cp6cols-tablet\"> <div  class=\"portfolio-cards-projectcard\"> <div  class=\"contentswap-effect ContentSwap104\" hover-fx=\"ContentSwap104\" id=\"ContentSwap104\" is-hovered=\"1\"> <div  class=\"ContentSwap104_content initial-image\"><img  decoding=\"async\" class=\"portfolio-cards-projectimg\" data-size=\"1200x800\" src=\"http:\/\/agturs.com.br\/wp-content\/uploads\/2023\/03\/cropped-pequenas-viagens.png\"> <\/div> <div  class=\"overlay\" style=\"display: block; opacity: 1;\"><\/div> <div  class=\"swap-inner\" style=\"opacity: 1; display: block;\"> <div  class=\"ContentSwap104-center\"> <a  href=\"http:\/\/agturs.com.br\/wp-content\/uploads\/2023\/03\/cropped-pequenas-viagens.png\" target=\"_blank\" rel=\"noopener\" class=\"\"><i  data-cp-fa=\"true\" class=\"portfolio-card-icon fa fa-search\"><\/i><\/a> <\/div> <\/div> <\/div> <div  class=\"portfolio-cards-projectinfo\"> <div  class=\"portfolio-cards-projnamecol\" data-type=\"column\"> <a  href=\"http:\/\/agturs.com.br\/wp-content\/uploads\/2023\/03\/cropped-pequenas-viagens.png\" class=\"portfolio-cards-projlink\" target=\"_blank\" rel=\"noopener\"><h4  class=\"portfolio-cards-projtitle\">Pequenas Viagens<\/h4><\/a> <\/div> <\/div> <\/div> <\/div> <\/div> <\/div><\/div><div  id=\"contatos\" data-label=\"Contatos\" data-id=\"cta-blue-section\" data-category=\"cta\" class=\"cta-blue-section\"> <div  class=\"gridContainer\"> <div  class=\"flexbox-list flexbox-list-align-center row\"> <div  class=\"cta-blue-textcol dynamic-color\"> <h2  class=\"cta-blue-text\"> <b  class=\"element2\"> Entre em contato. <\/b> Informe suas solicita\u00e7\u00f5es.<\/h2> <\/div> <div  class=\"cta-blue-btncol\"> <a  class=\"button big yellow dark-text\" href=\"mailto:agenciatur@terra.com.br\" target=\"_blank\" rel=\"noopener\"> Envie um e-mail aqui! <\/a> <\/div> <\/div> <\/div> <\/div>","protected":false},"excerpt":{"rendered":"<p>Frota Nossa frota \u00e9 compostapor carros novos, confort\u00e1veis, comdocumenta\u00e7\u00f5es e revis\u00f5es em dia.Entre nossas op\u00e7\u00f5es temos Suvs, Vans,Micro-\u00f4nibus, \u00f4nibus, helic\u00f3pteros ejatinhos. Tamb\u00e9m possu\u00edmos ve\u00edculos blindados. Carros e Vans Executivas Os carros executivos s\u00e3o a melhor combina\u00e7\u00e3o entre conforto e seguran\u00e7a. As vans executivas atendem at\u00e9 20 passageiros. Todos ve\u00edculos oferecem praticidade, seguran\u00e7a e conforto. Rotas&hellip; <br \/> <a class=\"button small blue\" href=\"https:\/\/agturs.com.br\/index.php\/2023\/03\/30\/ola-mundo\/\">Read more<\/a><\/p>\n","protected":false},"author":1,"featured_media":0,"parent":0,"menu_order":0,"comment_status":"closed","ping_status":"closed","template":"","meta":{"footnotes":""},"class_list":["post-5","page","type-page","status-publish","hentry"],"_links":{"self":[{"href":"https:\/\/agturs.com.br\/index.php\/wp-json\/wp\/v2\/pages\/5","targetHints":{"allow":["GET"]}}],"collection":[{"href":"https:\/\/agturs.com.br\/index.php\/wp-json\/wp\/v2\/pages"}],"about":[{"href":"https:\/\/agturs.com.br\/index.php\/wp-json\/wp\/v2\/types\/page"}],"author":[{"embeddable":true,"href":"https:\/\/agturs.com.br\/index.php\/wp-json\/wp\/v2\/users\/1"}],"replies":[{"embeddable":true,"href":"https:\/\/agturs.com.br\/index.php\/wp-json\/wp\/v2\/comments?post=5"}],"version-history":[{"count":23,"href":"https:\/\/agturs.com.br\/index.php\/wp-json\/wp\/v2\/pages\/5\/revisions"}],"predecessor-version":[{"id":89,"href":"https:\/\/agturs.com.br\/index.php\/wp-json\/wp\/v2\/pages\/5\/revisions\/89"}],"wp:attachment":[{"href":"https:\/\/agturs.com.br\/index.php\/wp-json\/wp\/v2\/media?parent=5"}],"curies":[{"name":"wp","href":"https:\/\/api.w.org\/{rel}","templated":true}]}}